{"id":47,"date":"2022-03-14T23:45:18","date_gmt":"2022-03-14T22:45:18","guid":{"rendered":"https:\/\/slava.lu\/?page_id=47"},"modified":"2022-03-21T12:28:00","modified_gmt":"2022-03-21T11:28:00","slug":"devenir-benevole","status":"publish","type":"page","link":"https:\/\/slava.lu\/index.php\/devenir-benevole\/","title":{"rendered":"Devenir b\u00e9n\u00e9vole"},"content":{"rendered":"\n<p>Vous souhaitez aider en tant que b\u00e9n\u00e9vole?<\/p>\n\n\n\n<p>Nous mettons \u00e0 votre disposition une charte de b\u00e9n\u00e9volat afin que vous puissiez nous communiquer les domaines dans lesquels vous d\u00e9sirez agir.<\/p>\n\n\n\n<p><\/p>\n\n\n\n<div class=\"wp-block-file\"><a id=\"wp-block-file--media-bb99c52a-b086-488a-9df8-922c4fcb2207\" href=\"https:\/\/slava.lu\/wp-content\/uploads\/2022\/03\/Charte-de-Benevolat-Slava-Ukrayini-Luxemb-ourg.pdf\" target=\"_blank\" rel=\"noreferrer noopener\">Charte-de-Benevolat-Slava-Ukrayini-Luxemb-ourg<\/a><a href=\"https:\/\/slava.lu\/wp-content\/uploads\/2022\/03\/Charte-de-Benevolat-Slava-Ukrayini-Luxemb-ourg.pdf\" class=\"wp-block-file__button\" download aria-describedby=\"wp-block-file--media-bb99c52a-b086-488a-9df8-922c4fcb2207\">T\u00e9l\u00e9charger<\/a><\/div>\n\n\n\n<p><\/p>\n\n\n\n<p><\/p>\n\n\n\n<hr class=\"wp-block-separator\"\/>\n\n\n\n<p>Un grand merci pour votre engagement!<\/p>\n","protected":false},"excerpt":{"rendered":"<p>Vous souhaitez aider en tant que b\u00e9n\u00e9vole? Nous mettons \u00e0 votre disposition une charte de b\u00e9n\u00e9volat afin que vous puissiez nous communiquer les domaines dans lesquels vous d\u00e9sirez agir. Un &#8230;<\/p>\n","protected":false},"author":1,"featured_media":0,"parent":0,"menu_order":0,"comment_status":"closed","ping_status":"closed","template":"","meta":{"_monsterinsights_skip_tracking":false,"_monsterinsights_sitenote_active":false,"_monsterinsights_sitenote_note":"","_monsterinsights_sitenote_category":0,"footnotes":""},"class_list":["post-47","page","type-page","status-publish","hentry"],"aioseo_notices":[],"_links":{"self":[{"href":"https:\/\/slava.lu\/index.php\/wp-json\/wp\/v2\/pages\/47","targetHints":{"allow":["GET"]}}],"collection":[{"href":"https:\/\/slava.lu\/index.php\/wp-json\/wp\/v2\/pages"}],"about":[{"href":"https:\/\/slava.lu\/index.php\/wp-json\/wp\/v2\/types\/page"}],"author":[{"embeddable":true,"href":"https:\/\/slava.lu\/index.php\/wp-json\/wp\/v2\/users\/1"}],"replies":[{"embeddable":true,"href":"https:\/\/slava.lu\/index.php\/wp-json\/wp\/v2\/comments?post=47"}],"version-history":[{"count":4,"href":"https:\/\/slava.lu\/index.php\/wp-json\/wp\/v2\/pages\/47\/revisions"}],"predecessor-version":[{"id":184,"href":"https:\/\/slava.lu\/index.php\/wp-json\/wp\/v2\/pages\/47\/revisions\/184"}],"wp:attachment":[{"href":"https:\/\/slava.lu\/index.php\/wp-json\/wp\/v2\/media?parent=47"}],"curies":[{"name":"wp","href":"https:\/\/api.w.org\/{rel}","templated":true}]}}